{"id":366,"date":"2025-05-28T18:58:18","date_gmt":"2025-05-28T18:58:18","guid":{"rendered":"https:\/\/www.hdrbybarco.com\/?page_id=366"},"modified":"2026-05-08T17:39:39","modified_gmt":"2026-05-08T17:39:39","slug":"uber-hdr","status":"publish","type":"page","link":"https:\/\/www.hdrbybarco.com\/de\/about-hdr\/","title":{"rendered":"\u00dcber HDR"},"content":{"rendered":"<h1>\n\t\t\tWas ist <b>HDR<\/b>?\t<\/h1>\n\t<p>High Dynamic Range (HDR) ist eine innovative Pr\u00e4sentationstechnologie, die dank Barco nunmehr sukzessive den Weg in die Kinos findet und bei der es darum geht, Licht gezielt auf einzelne Bildsegmente zu steuern, um das volle Potenzial jedes Films auszusch\u00f6pfen. Mit tieferen Schwarzwerten, herausragenden Highlights und einem breiten Spektrum lebendiger, naturgetreuer Farben erleben Sie jedes Detail und jeden Moment hautnah \u2013 in HDR by Barco.<\/p>\n<p class=\"translation-block\">Sie m\u00f6chten mehr \u00fcber das <i>Wie<\/i> hinter diesem au\u00dfergew\u00f6hnlichen Erlebnis erfahren? Klicken Sie hier: <a href=\"https:\/\/www.barco.com\/de\/inspiration\/news-insights\/cinema\/the-art-of-lightsteering\" target=\"_blank\" rel=\"noopener\">Die Lightsteering Technologie<\/a>.<\/p>\n\t\t<h5>Modal Popup &#8211; ID <\/h5>\n\t\tClick here to edit the &quot;Modal Popup&quot; settings. This text will not be visible on frontend.\t\n<h3>\n\t\t\t\u00dcber <b>Barco<\/b>\t<\/h3>\n\t<p>It&#8217;s no mystery why the world&#8217;s top exhibitors place their trust in Barco&#8217;s cinema solutions. From introducing the industry&#8217;s first cinema laser projector in 2014 to shipping over 100,000 units today, Barco&#8217;s journey is one of trusted reliability and continuous innovation. Serving more than 200 exhibitors worldwide, our award-winning solutions have solidified our position as the undisputed leader in cinema technology.<\/p>\n\t\t<img decoding=\"async\" src=\"https:\/\/www.hdrbybarco.com\/wp-content\/uploads\/2025\/05\/about-barco-still-4-scaled.jpg\" alt=\"\"\/>\n<h3>\n\t\t\tPressestimmen\t<\/h3>\n<h3>\n\t\t\tNeueste Nachrichten\t<\/h3>\n\t<a href=\"https:\/\/www.barco.com\/en\/about\/press-releases\/2026\/five-new-films-from-universal-pictures-and-focus-features-confir\" target=\"_blank\" rel=\"noopener\" aria-label=\"Go to https:\/\/www.barco.com\/en\/about\/press-releases\/2026\/five-new-films-from-universal-pictures-and-focus-features-confir\"><\/a>\n\t\t\t<h5>7. Mai 2026<\/h5><h3>F\u00fcnf neue Filme von Universal Pictures und Focus Features sollen im Premium-Format HDR by Barco erscheinen<\/h3>\t\t\t\n\t\t\t\t<p>Upcoming lineup features Steven Spielberg&#8217;s DISCLOSURE DAY, Illumination&#8217;s MINIONS &amp; MONSTERS, DreamWorks Animation&#8217;s FORGOTTEN ISLAND, Focus Features&#8217; OBSESSION and Universal&#8217;s FOCKER-IN-LAW<\/p>\n\t<a href=\"https:\/\/www.barco.com\/en\/about\/press-releases\/2025\/barco-announces-hdr-by-barco-release-slate-for-first-half-of-202\" target=\"_blank\" rel=\"noopener\" aria-label=\"Go to https:\/\/www.barco.com\/en\/about\/press-releases\/2025\/barco-announces-hdr-by-barco-release-slate-for-first-half-of-202\"><\/a>\n\t\t\t<h5>18. Dezember 2025<\/h5><h3>Barco k\u00fcndigt HDR by Barco-Ver\u00f6ffentlichungen f\u00fcr die erste H\u00e4lfte des Jahres 2026 an<\/h3>\t\t\t\n\t\t\t\t<p>Announcement comes amidst HDR by Barco&#8217;s continued expansion with new locations in Italy and the Netherlands<\/p>\n\t<a href=\"https:\/\/www.barco.com\/en\/about\/press-releases\/2025\/hdr-by-barco-expands-global-footprint-to-germany\" target=\"_blank\" rel=\"noopener\" aria-label=\"Go to https:\/\/www.barco.com\/en\/about\/press-releases\/2025\/hdr-by-barco-expands-global-footprint-to-germany\"><\/a>\n\t\t\t<h5>Oktober 30, 2025<\/h5><h3>HDR by Barco dehnt globale Pr\u00e4senz auf Deutschland aus<\/h3>\t\t\t\n\t\t\t\t<p>Er\u00f6ffnung in ausgew\u00e4hlten Cineplex-Standorten in Deutschland und im Cinedom K\u00f6ln im November<\/p>\n\t\t\t<a href=\"https:\/\/www.barco.com\/en\/about\/press-releases\" target=\"_blank\" rel=\"noopener\">\n\t\t\t\t\t\t\tAlle Nachrichten anzeigen\n\t\t\t\t\t<\/a>\n<h3>\n\t\t\tNeueste Highlights\t<\/h3>\n\t<p>Folgen Sie uns auf Instagram und diskutieren Sie mit #HDRbyBARCO.<\/p>\n<h3>\n\t\t\tBesessen von Filmen? Das sind wir auch.\t<\/h3>\n\t<p>Erfahren Sie alles \u00fcber HDR by Barco! Unser Newsletter informiert Sie \u00fcber neue HDR-Kinostandorte, spannende Kinostarts, Sonderrabatte und Veranstaltungen \u2013 nur f\u00fcr Mitglieder.<\/p>\n\t\t\t<a href=\"https:\/\/www.barco.com\/en\/hdr-subscribe\" target=\"_blank\" rel=\"noopener\">\n\t\t\t\t\t\t\tF\u00fcr den Newsletter anmelden\n\t\t\t\t\t<\/a>","protected":false},"excerpt":{"rendered":"<p>What is HDR? High Dynamic Range (HDR) is a next-level presentation technology, brought to cinema by Barco, that artfully directs light to unlock the full potential of every film. With darker darks, brighter brights, and a full spectrum of vibrant, life-like colors you can see every detail and feel every moment when you choose to&hellip;<\/p>","protected":false},"author":2,"featured_media":0,"parent":0,"menu_order":0,"comment_status":"closed","ping_status":"closed","template":"","meta":{"_acf_changed":false,"footnotes":""},"class_list":["post-366","page","type-page","status-publish","hentry"],"acf":[],"_links":{"self":[{"href":"https:\/\/www.hdrbybarco.com\/de\/wp-json\/wp\/v2\/pages\/366","targetHints":{"allow":["GET"]}}],"collection":[{"href":"https:\/\/www.hdrbybarco.com\/de\/wp-json\/wp\/v2\/pages"}],"about":[{"href":"https:\/\/www.hdrbybarco.com\/de\/wp-json\/wp\/v2\/types\/page"}],"author":[{"embeddable":true,"href":"https:\/\/www.hdrbybarco.com\/de\/wp-json\/wp\/v2\/users\/2"}],"replies":[{"embeddable":true,"href":"https:\/\/www.hdrbybarco.com\/de\/wp-json\/wp\/v2\/comments?post=366"}],"version-history":[{"count":10,"href":"https:\/\/www.hdrbybarco.com\/de\/wp-json\/wp\/v2\/pages\/366\/revisions"}],"predecessor-version":[{"id":1670,"href":"https:\/\/www.hdrbybarco.com\/de\/wp-json\/wp\/v2\/pages\/366\/revisions\/1670"}],"wp:attachment":[{"href":"https:\/\/www.hdrbybarco.com\/de\/wp-json\/wp\/v2\/media?parent=366"}],"curies":[{"name":"WP","href":"https:\/\/api.w.org\/{rel}","templated":true}]}}